{"id":116,"date":"2023-07-05T15:26:10","date_gmt":"2023-07-05T13:26:10","guid":{"rendered":"https:\/\/bip.akademiakopernikanska.gov.pl\/?page_id=116"},"modified":"2024-07-02T15:36:33","modified_gmt":"2024-07-02T13:36:33","slug":"regulacje-i-zarzadzenia","status":"publish","type":"page","link":"https:\/\/bip.akademiakopernikanska.gov.pl\/?page_id=116","title":{"rendered":"Regulacje i Zarz\u0105dzenia"},"content":{"rendered":"<p>[et_pb_section fb_built=&#8221;1&#8243; _builder_version=&#8221;4.17.4&#8243; _module_preset=&#8221;default&#8221; custom_padding=&#8221;0px||||false|false&#8221; global_colors_info=&#8221;{}&#8221; theme_builder_area=&#8221;post_content&#8221;][et_pb_row _builder_version=&#8221;4.17.4&#8243; _module_preset=&#8221;default&#8221; width=&#8221;100%&#8221; global_colors_info=&#8221;{}&#8221; theme_builder_area=&#8221;post_content&#8221;][et_pb_column type=&#8221;4_4&#8243; _builder_version=&#8221;4.17.4&#8243; _module_preset=&#8221;default&#8221; global_colors_info=&#8221;{}&#8221; theme_builder_area=&#8221;post_content&#8221;][et_pb_text _builder_version=&#8221;4.21.0&#8243; _module_preset=&#8221;default&#8221; global_colors_info=&#8221;{}&#8221; theme_builder_area=&#8221;post_content&#8221;]<\/p>\n<p><a href=\"https:\/\/bip.akademiakopernikanska.gov.pl\/wp-content\/uploads\/2024\/05\/1.b.2.-Uchwala-Prezydium-AK-14.04.2023-w-spr.-Regulaminu-Org.-regul.-orgn.-AK.pdf\" rel=\"attachment wp-att-449\">Regulaminu Organizacyjny \u00a0Akademii Kopernika\u0144skiej \/AK\/<\/a><\/p>\n<p><a href=\"https:\/\/bip.akademiakopernikanska.gov.pl\/wp-content\/uploads\/2024\/05\/1.b.3.-Uchwala-w-spr.-nadania-Regulaminu-Organ.-CBMK.pdf\" rel=\"attachment wp-att-450\">Regulaminu Organizacyjny Centrum Badawczego Miko\u0142aja Kopernika \/CBMK\/<\/a><\/p>\n<p>[\/et_pb_text][\/et_pb_column][\/et_pb_row][et_pb_row _builder_version=&#8221;4.21.0&#8243; _module_preset=&#8221;default&#8221; theme_builder_area=&#8221;post_content&#8221; max_width=&#8221;100%&#8221; width=&#8221;100%&#8221; hover_enabled=&#8221;0&#8243; sticky_enabled=&#8221;0&#8243;][et_pb_column _builder_version=&#8221;4.21.0&#8243; _module_preset=&#8221;default&#8221; type=&#8221;4_4&#8243; theme_builder_area=&#8221;post_content&#8221;][et_pb_text _builder_version=&#8221;4.21.0&#8243; _module_preset=&#8221;default&#8221; theme_builder_area=&#8221;post_content&#8221; max_width=&#8221;100%&#8221; width=&#8221;100%&#8221; hover_enabled=&#8221;0&#8243; sticky_enabled=&#8221;0&#8243;]<\/p>\n<h2 style=\"text-align: left;\">Monitoring Wizyjny w Akademii<\/h2>\n<p>[\/et_pb_text][et_pb_text _builder_version=&#8221;4.21.0&#8243; _module_preset=&#8221;default&#8221; theme_builder_area=&#8221;post_content&#8221; hover_enabled=&#8221;0&#8243; sticky_enabled=&#8221;0&#8243;]<\/p>\n<p><a href=\"https:\/\/bip.akademiakopernikanska.gov.pl\/wp-content\/uploads\/2024\/07\/OBW.pdf\" rel=\"attachment wp-att-595\">Obwieszczenie Sekretarza Generanego Akademii Kopernika\u0144skiej o wprowadzeniu w Akademii Kopernika\u0144skiej monitoringu wizyjnego<\/a><\/p>\n<p><a href=\"https:\/\/bip.akademiakopernikanska.gov.pl\/wp-content\/uploads\/2024\/07\/ZARZ.-16.pdf\" rel=\"attachment wp-att-590\">Zarz\u0105dzenie nr 16 Sekretarza Generalnego Akademii Kopernika\u0144skiej z dnia 31 maja 2024 r. w sprawie zmiany Regulamin Pracy oraz Wynagradzania Pracownik\u00f3w Biura Akademii Kopernika\u0144skiej<\/a><\/p>\n<p><a href=\"https:\/\/bip.akademiakopernikanska.gov.pl\/wp-content\/uploads\/2024\/07\/ZARZ.17.pdf\" rel=\"attachment wp-att-594\">Zarz\u0105dzenie nr 17 Sekretarza Generalnego Akademii Kopernika\u0144skiej z dnia 10 czerwca 2024 r. w sprawie zmiany Regulaminu Pracy oraz Wynagrodzenia Pracownik\u00f3w Biura Akademii Kopernika\u0144skiej<\/a><\/p>\n<p>&nbsp;<\/p>\n<p>[\/et_pb_text][\/et_pb_column][\/et_pb_row][\/et_pb_section]<\/p>\n","protected":false},"excerpt":{"rendered":"<p>Regulaminu Organizacyjny \u00a0Akademii Kopernika\u0144skiej \/AK\/ Regulaminu Organizacyjny Centrum Badawczego Miko\u0142aja Kopernika \/CBMK\/Monitoring Wizyjny w AkademiiObwieszczenie Sekretarza Generanego Akademii Kopernika\u0144skiej o wprowadzeniu w Akademii Kopernika\u0144skiej monitoringu wizyjnego Zarz\u0105dzenie nr 16 Sekretarza Generalnego Akademii Kopernika\u0144skiej z dnia 31 maja 2024 r. w sprawie zmiany Regulamin Pracy oraz Wynagradzania Pracownik\u00f3w Biura Akademii Kopernika\u0144skiej Zarz\u0105dzenie nr 17 Sekretarza Generalnego [&hellip;]<\/p>\n","protected":false},"author":4,"featured_media":0,"parent":13,"menu_order":0,"comment_status":"closed","ping_status":"closed","template":"","meta":{"_et_pb_use_builder":"on","_et_pb_old_content":"","_et_gb_content_width":"","footnotes":""},"class_list":["post-116","page","type-page","status-publish","hentry"],"_links":{"self":[{"href":"https:\/\/bip.akademiakopernikanska.gov.pl\/index.php?rest_route=\/wp\/v2\/pages\/116","targetHints":{"allow":["GET"]}}],"collection":[{"href":"https:\/\/bip.akademiakopernikanska.gov.pl\/index.php?rest_route=\/wp\/v2\/pages"}],"about":[{"href":"https:\/\/bip.akademiakopernikanska.gov.pl\/index.php?rest_route=\/wp\/v2\/types\/page"}],"author":[{"embeddable":true,"href":"https:\/\/bip.akademiakopernikanska.gov.pl\/index.php?rest_route=\/wp\/v2\/users\/4"}],"replies":[{"embeddable":true,"href":"https:\/\/bip.akademiakopernikanska.gov.pl\/index.php?rest_route=%2Fwp%2Fv2%2Fcomments&post=116"}],"version-history":[{"count":9,"href":"https:\/\/bip.akademiakopernikanska.gov.pl\/index.php?rest_route=\/wp\/v2\/pages\/116\/revisions"}],"predecessor-version":[{"id":596,"href":"https:\/\/bip.akademiakopernikanska.gov.pl\/index.php?rest_route=\/wp\/v2\/pages\/116\/revisions\/596"}],"up":[{"embeddable":true,"href":"https:\/\/bip.akademiakopernikanska.gov.pl\/index.php?rest_route=\/wp\/v2\/pages\/13"}],"wp:attachment":[{"href":"https:\/\/bip.akademiakopernikanska.gov.pl\/index.php?rest_route=%2Fwp%2Fv2%2Fmedia&parent=116"}],"curies":[{"name":"wp","href":"https:\/\/api.w.org\/{rel}","templated":true}]}}