{"id":52,"date":"2023-07-05T15:28:44","date_gmt":"2023-07-05T13:28:44","guid":{"rendered":"https:\/\/bip.akademiakopernikanska.gov.pl\/?page_id=52"},"modified":"2024-07-02T15:28:45","modified_gmt":"2024-07-02T13:28:45","slug":"przedmiot-dzialalnosci","status":"publish","type":"page","link":"https:\/\/bip.akademiakopernikanska.gov.pl\/?page_id=52","title":{"rendered":"Przedmiot dzia\u0142alno\u015bci"},"content":{"rendered":"<p>[et_pb_section fb_built=&#8221;1&#8243; _builder_version=&#8221;4.21.0&#8243; _module_preset=&#8221;default&#8221; global_colors_info=&#8221;{}&#8221; theme_builder_area=&#8221;post_content&#8221;][et_pb_row _builder_version=&#8221;4.21.0&#8243; _module_preset=&#8221;default&#8221; custom_margin=&#8221;-56px|auto||-1px||&#8221; global_colors_info=&#8221;{}&#8221; theme_builder_area=&#8221;post_content&#8221;][et_pb_column type=&#8221;4_4&#8243; _builder_version=&#8221;4.21.0&#8243; _module_preset=&#8221;default&#8221; global_colors_info=&#8221;{}&#8221; theme_builder_area=&#8221;post_content&#8221;][et_pb_text _builder_version=&#8221;4.21.0&#8243; _module_preset=&#8221;default&#8221; hover_enabled=&#8221;0&#8243; global_colors_info=&#8221;{}&#8221; theme_builder_area=&#8221;post_content&#8221; sticky_enabled=&#8221;0&#8243;]<\/p>\n<p><a href=\"https:\/\/bip.akademiakopernikanska.gov.pl\/wp-content\/uploads\/2024\/05\/1.c.1.-REGULAMIN_KONKURSU_na_Nagrode_Kopernikanska.pdf\" rel=\"attachment wp-att-452\">REGULAMIN KONKURSU na Nagrod\u0119 Kopernika\u0144sk\u0105<\/a><\/p>\n<p><a href=\"https:\/\/bip.akademiakopernikanska.gov.pl\/wp-content\/uploads\/2024\/05\/1.c.2.-Regulamin_przyznawania_Gantow_MK_i_Stypendiow_Kopernikanskich.pdf\" rel=\"attachment wp-att-453\">Regulamin przyznawania Gant\u00f3w Miko\u0142aja Kopernika i Stypendi\u00f3w Kopernika\u0144skich<\/a><\/p>\n<p>[\/et_pb_text][\/et_pb_column][\/et_pb_row][\/et_pb_section]<\/p>\n","protected":false},"excerpt":{"rendered":"<p>REGULAMIN KONKURSU na Nagrod\u0119 Kopernika\u0144sk\u0105 Regulamin przyznawania Gant\u00f3w Miko\u0142aja Kopernika i Stypendi\u00f3w Kopernika\u0144skich<\/p>\n","protected":false},"author":4,"featured_media":0,"parent":13,"menu_order":0,"comment_status":"closed","ping_status":"closed","template":"","meta":{"_et_pb_use_builder":"on","_et_pb_old_content":"","_et_gb_content_width":"","footnotes":""},"class_list":["post-52","page","type-page","status-publish","hentry"],"_links":{"self":[{"href":"https:\/\/bip.akademiakopernikanska.gov.pl\/index.php?rest_route=\/wp\/v2\/pages\/52","targetHints":{"allow":["GET"]}}],"collection":[{"href":"https:\/\/bip.akademiakopernikanska.gov.pl\/index.php?rest_route=\/wp\/v2\/pages"}],"about":[{"href":"https:\/\/bip.akademiakopernikanska.gov.pl\/index.php?rest_route=\/wp\/v2\/types\/page"}],"author":[{"embeddable":true,"href":"https:\/\/bip.akademiakopernikanska.gov.pl\/index.php?rest_route=\/wp\/v2\/users\/4"}],"replies":[{"embeddable":true,"href":"https:\/\/bip.akademiakopernikanska.gov.pl\/index.php?rest_route=%2Fwp%2Fv2%2Fcomments&post=52"}],"version-history":[{"count":6,"href":"https:\/\/bip.akademiakopernikanska.gov.pl\/index.php?rest_route=\/wp\/v2\/pages\/52\/revisions"}],"predecessor-version":[{"id":589,"href":"https:\/\/bip.akademiakopernikanska.gov.pl\/index.php?rest_route=\/wp\/v2\/pages\/52\/revisions\/589"}],"up":[{"embeddable":true,"href":"https:\/\/bip.akademiakopernikanska.gov.pl\/index.php?rest_route=\/wp\/v2\/pages\/13"}],"wp:attachment":[{"href":"https:\/\/bip.akademiakopernikanska.gov.pl\/index.php?rest_route=%2Fwp%2Fv2%2Fmedia&parent=52"}],"curies":[{"name":"wp","href":"https:\/\/api.w.org\/{rel}","templated":true}]}}