{"id":92,"date":"2023-07-05T15:07:12","date_gmt":"2023-07-05T13:07:12","guid":{"rendered":"https:\/\/bip.akademiakopernikanska.gov.pl\/?page_id=92"},"modified":"2025-06-17T13:08:59","modified_gmt":"2025-06-17T11:08:59","slug":"struktura-organizacyjna","status":"publish","type":"page","link":"https:\/\/bip.akademiakopernikanska.gov.pl\/?page_id=92","title":{"rendered":"Struktura organizacyjna"},"content":{"rendered":"<p>[et_pb_section fb_built=&#8221;1&#8243; _builder_version=&#8221;4.17.4&#8243; _module_preset=&#8221;default&#8221; custom_padding=&#8221;0px||||false|false&#8221; global_colors_info=&#8221;{}&#8221; theme_builder_area=&#8221;post_content&#8221;][et_pb_row _builder_version=&#8221;4.17.4&#8243; _module_preset=&#8221;default&#8221; width=&#8221;100%&#8221; global_colors_info=&#8221;{}&#8221; theme_builder_area=&#8221;post_content&#8221;][et_pb_column type=&#8221;4_4&#8243; _builder_version=&#8221;4.17.4&#8243; _module_preset=&#8221;default&#8221; global_colors_info=&#8221;{}&#8221; theme_builder_area=&#8221;post_content&#8221;][et_pb_text _builder_version=&#8221;4.21.0&#8243; _module_preset=&#8221;default&#8221; global_colors_info=&#8221;{}&#8221; theme_builder_area=&#8221;post_content&#8221;]<\/p>\n<p><a href=\"https:\/\/bip.akademiakopernikanska.gov.pl\/wp-content\/uploads\/2024\/05\/1.b.1.-Z-ust.-Organy-Akademii-Kopernikanskiej.pdf\" rel=\"attachment wp-att-448\">Organy Akademii Kopernika\u0144skiej &#8211; z Ustawy o AK z dnia 28.04.23 r<\/a><\/p>\n<p>[\/et_pb_text][et_pb_text _builder_version=&#8221;4.27.4&#8243; _module_preset=&#8221;default&#8221; hover_enabled=&#8221;0&#8243; global_colors_info=&#8221;{}&#8221; theme_builder_area=&#8221;post_content&#8221; sticky_enabled=&#8221;0&#8243;]<\/p>\n<h2>ZGROMADZENIE OG\u00d3LNE AKADEMII:<\/h2>\n<p>1. wszyscy cz\u0142onkowie Akademii Kopernika\u0144skiej (aktualnie 52 cz\u0142onk\u00f3w)<br \/>2. Sekretarz Generalny AK<\/p>\n<p>&nbsp;<\/p>\n<h2>SEKRETARZ GENERALNY AKADEMII:<\/h2>\n<p>Prof. Dr hab. Krzysztof Marian G\u00f3rski<\/p>\n<p>&nbsp;<\/p>\n<h2>PREZYDIUM AKADEMII :<\/h2>\n<p><strong>1. Przewodnicz\u0105cy Prezydium: <\/strong><\/p>\n<p>Sekretarz Generalny AK<\/p>\n<p><strong>2. Cz\u0142onkowie Prezydium:<\/strong><\/p>\n<ul>\n<li style=\"list-style-type: none;\">\n<ul>\n<li>Przewodnicz\u0105cy Izby Astronomii i Nauk Matematyczno- Przyrodniczych:<br \/>prof. dr hab. Andrzej Udalski<\/li>\n<li>Przewodnicz\u0105cy Izby Nauk Medycznych:<br \/>prof. dr hab. Andrzej Rynkiewicz<\/li>\n<li>Przewodnicz\u0105cy Izby Nauk Ekonomicznych i Zarz\u0105dzania:<br \/>prof. dr hab. Adam Glapi\u0144ski<\/li>\n<li>Przewodnicz\u0105cy Izby Filozofii i Teologii:<br \/>Brak wymaganej liczby cz\u0142onk\u00f3w Izby<\/li>\n<li>Przewodnicz\u0105cy Izby Nauk Prawnych:<br \/>Brak wymaganej liczby cz\u0142onk\u00f3w Izby<\/li>\n<li>Przewodnicz\u0105cy Izby Laureat\u00f3w Nagr\u00f3d Kopernika\u0144skich<br \/>Brak wymaganej liczby cz\u0142onk\u00f3w Izby<\/li>\n<\/ul>\n<\/li>\n<\/ul>\n<ul>\n<li style=\"list-style-type: none;\">\n<ul><\/ul>\n<\/li>\n<\/ul>\n<h2>CENTRUM BADAWCZE MIKO\u0141AJA KOPERNIKA:<\/h2>\n<p><strong>DYREKTOR <\/strong><\/p>\n<p>&nbsp;<\/p>\n<h2>BIURO AKADEMII KOPERNIKA\u0143SKIEJ<\/h2>\n<p><strong>DYREKTOR BIURA AKADEMII:<\/strong><br \/>dr. hab. Witold Mazurek<\/p>\n<p><strong>Zesp\u00f3l Obs\u0142ugi Akademii<br \/><\/strong>Sekretariat<br \/>e-mail: <a href=\"mailto:biuro@akademiakopernikanska.gov.pl\">biuro@akademiakopernikanska.gov.pl<\/a><\/p>\n<p><strong>Zesp\u00f3l Administracyjno- Finansowy Akademii<br \/><\/strong><\/p>\n<p><strong>Zesp\u00f3l Gospodarczy Akademii<br \/><\/strong><\/p>\n<p><strong>Zesp\u00f3l Komunikacji Akademii<br \/><\/strong><\/p>\n<p><strong>Zesp\u00f3l Prawny Akademii<br \/><\/strong><\/p>\n<p><strong>Zesp\u00f3l Obs\u0142ugi Informatycznej Akademii<\/strong><\/p>\n<p><strong>Samodzielne Stanowisko do spraw Zam\u00f3wie\u0144 Publicznych<\/strong><\/p>\n<p><strong>Samodzielne Stanowisko do spraw Kontroli Wewn\u0119trznej<\/strong><\/p>\n<p><strong>Inspektor Ochrony Danych Osobowych<\/strong><\/p>\n<p><strong>Samodzielne Stanowisko do spraw Bezpiecze\u0144stwa i Ochrony Informacji Niejawnych<\/strong><\/p>\n<p>[\/et_pb_text][\/et_pb_column][\/et_pb_row][\/et_pb_section]<\/p>\n","protected":false},"excerpt":{"rendered":"<p>Organy Akademii Kopernika\u0144skiej &#8211; z Ustawy o AK z dnia 28.04.23 rZGROMADZENIE OG\u00d3LNE AKADEMII: 1. wszyscy cz\u0142onkowie Akademii Kopernika\u0144skiej (aktualnie 52 cz\u0142onk\u00f3w)2. Sekretarz Generalny AK &nbsp; SEKRETARZ GENERALNY AKADEMII: Prof. Dr hab. Krzysztof Marian G\u00f3rski &nbsp; PREZYDIUM AKADEMII : 1. Przewodnicz\u0105cy Prezydium: Sekretarz Generalny AK 2. Cz\u0142onkowie Prezydium: Przewodnicz\u0105cy Izby Astronomii i Nauk Matematyczno- Przyrodniczych:prof. [&hellip;]<\/p>\n","protected":false},"author":4,"featured_media":0,"parent":13,"menu_order":0,"comment_status":"closed","ping_status":"closed","template":"","meta":{"_et_pb_use_builder":"on","_et_pb_old_content":"","_et_gb_content_width":"","footnotes":""},"class_list":["post-92","page","type-page","status-publish","hentry"],"_links":{"self":[{"href":"https:\/\/bip.akademiakopernikanska.gov.pl\/index.php?rest_route=\/wp\/v2\/pages\/92","targetHints":{"allow":["GET"]}}],"collection":[{"href":"https:\/\/bip.akademiakopernikanska.gov.pl\/index.php?rest_route=\/wp\/v2\/pages"}],"about":[{"href":"https:\/\/bip.akademiakopernikanska.gov.pl\/index.php?rest_route=\/wp\/v2\/types\/page"}],"author":[{"embeddable":true,"href":"https:\/\/bip.akademiakopernikanska.gov.pl\/index.php?rest_route=\/wp\/v2\/users\/4"}],"replies":[{"embeddable":true,"href":"https:\/\/bip.akademiakopernikanska.gov.pl\/index.php?rest_route=%2Fwp%2Fv2%2Fcomments&post=92"}],"version-history":[{"count":11,"href":"https:\/\/bip.akademiakopernikanska.gov.pl\/index.php?rest_route=\/wp\/v2\/pages\/92\/revisions"}],"predecessor-version":[{"id":643,"href":"https:\/\/bip.akademiakopernikanska.gov.pl\/index.php?rest_route=\/wp\/v2\/pages\/92\/revisions\/643"}],"up":[{"embeddable":true,"href":"https:\/\/bip.akademiakopernikanska.gov.pl\/index.php?rest_route=\/wp\/v2\/pages\/13"}],"wp:attachment":[{"href":"https:\/\/bip.akademiakopernikanska.gov.pl\/index.php?rest_route=%2Fwp%2Fv2%2Fmedia&parent=92"}],"curies":[{"name":"wp","href":"https:\/\/api.w.org\/{rel}","templated":true}]}}