{"id":95,"date":"2023-07-05T15:08:25","date_gmt":"2023-07-05T13:08:25","guid":{"rendered":"https:\/\/bip.akademiakopernikanska.gov.pl\/?page_id=95"},"modified":"2025-06-30T22:52:55","modified_gmt":"2025-06-30T20:52:55","slug":"deklaracja-dostepnosci-cyfrowej","status":"publish","type":"page","link":"https:\/\/bip.akademiakopernikanska.gov.pl\/?page_id=95","title":{"rendered":"Deklaracja dost\u0119pno\u015bci cyfrowej"},"content":{"rendered":"<p>[et_pb_section fb_built=&#8221;1&#8243; _builder_version=&#8221;4.17.4&#8243; _module_preset=&#8221;default&#8221; custom_padding=&#8221;0px||||false|false&#8221; global_colors_info=&#8221;{}&#8221; theme_builder_area=&#8221;post_content&#8221;][et_pb_row _builder_version=&#8221;4.27.4&#8243; _module_preset=&#8221;default&#8221; theme_builder_area=&#8221;post_content&#8221;][et_pb_column _builder_version=&#8221;4.27.4&#8243; _module_preset=&#8221;default&#8221; type=&#8221;4_4&#8243; theme_builder_area=&#8221;post_content&#8221;][et_pb_text _builder_version=&#8221;4.27.4&#8243; _module_preset=&#8221;default&#8221; theme_builder_area=&#8221;post_content&#8221; hover_enabled=&#8221;0&#8243; sticky_enabled=&#8221;0&#8243;]<\/p>\n<div id=\"a11y-wstep\">\n<h2><strong>Wst\u0119p deklaracji<\/strong><\/h2>\n<p><span id=\"a11y-podmiot\">Akademia Kopernika\u0144ska<\/span> zobowi\u0105zuje si\u0119 zapewni\u0107 dost\u0119pno\u015b\u0107 swojej <span id=\"a11y-zakres\">strony internetowej<\/span> zgodnie z przepisami ustawy z dnia 4 kwietnia 2019 r. o dost\u0119pno\u015bci cyfrowej stron internetowych i\u00a0aplikacji mobilnych podmiot\u00f3w publicznych. O\u015bwiadczenie w sprawie dost\u0119pno\u015bci ma zastosowanie do<span>\u00a0<\/span><a href=\"https:\/\/bip.akademiakopernikanska.gov.pl\/\" id=\"a11y-url\">strony internetowej https:\/\/bip.akademiakopernikanska.gov.pl\/<\/a>.<\/p>\n<p>&nbsp;<\/p>\n<h3>Daty publikacji i aktualizacji<\/h3>\n<\/div>\n<p>Data publikacji strony internetowej: <time id=\"a11y-data-publikacja\" datetime=\"2023-07-05\">05 lipca  2023 roku<br \/><\/time>Data ostatniej istotnej aktualizacji: <time id=\"a11y-data-aktualizacja\" datetime=\"2023-07-05\">05 lipca 2023 roku<\/time><\/p>\n<h2><strong><\/strong><\/h2>\n<h2><strong>Stan dost\u0119pno\u015bci cyfrowej<\/strong><\/h2>\n<p id=\"a11y-status\">Strona internetowa jest\u00a0<strong>cz\u0119\u015bciowo zgodna<\/strong> z ustaw\u0105 z dnia 4 kwietnia 2019 r. o dost\u0119pno\u015bci cyfrowej stron internetowych i aplikacji mobilnych podmiot\u00f3w publicznych.<\/p>\n<h2><strong>Niedost\u0119pne tre\u015bci<\/strong><\/h2>\n<h3><strong>Niezgodno\u015b\u0107 z za\u0142\u0105cznikiem<\/strong><\/h3>\n<ul>\n<li>mog\u0105 zdarzy\u0107 si\u0119 sporadyczne sytuacje, w kt\u00f3rych zdj\u0119cia, grafiki nie maj\u0105 opis\u00f3w alternatywnych,<\/li>\n<li>na stronie nie ma informacji dost\u0119pnej inn\u0105 drog\u0105 ni\u017c jedynie poprzez form\u0119 i pozycj\u0119, np. \u201eKliknij przycisk w prawym g\u00f3rnym rogu \u017ceby zamkn\u0105\u0107 okno\u201d, \u201eWybierz tr\u00f3jk\u0105t \u017ceby przej\u015b\u0107 dalej\u201d itp.<\/li>\n<li>nie wszystkie linki do pobrania dokumentu posiadaj\u0105 informacje o jego formacie, rozmiarze i j\u0119zyku,<\/li>\n<li>nie ma mapy strony.<\/li>\n<\/ul>\n<h2><strong>Przygotowanie deklaracji dost\u0119pno\u015bci<\/strong><\/h2>\n<p>Data sporz\u0105dzenia o\u015bwiadczenia: <time id=\"a11y-data-sporzadzenie\" datetime=\"2023-07-05\">5  lipca 2023 roku<\/time><br \/><span>O\u015bwiadczenie zosta\u0142o poddane przegl\u0105dowi i aktualizacji: <time id=\"a11y-data-przeglad\" datetime=\"2023-07-05\">5 lipca 2023 roku<\/time><\/span><\/p>\n<p><span>Deklaracj\u0119 sporz\u0105dzono na podstawie samooceny przeprowadzonej przez podmiot publiczny.<\/span><\/p>\n<h2><strong><\/strong><\/h2>\n<h2><strong>Informacje zwrotne i dane kontaktowe<\/strong><\/h2>\n<p>W przypadku problem\u00f3w z dost\u0119pno\u015bci\u0105 strony internetowej prosimy o kontakt pod adresem poczty elektronicznej: <a href=\"mail:biuro@akademiakopernikanska.gov.pl\" id=\"a11y-email\">biuro@akademiakopernikanska.gov.pl<\/a>. T\u0105 sam\u0105 drog\u0105 mo\u017cna sk\u0142ada\u0107 wnioski o udost\u0119pnienie informacji niedost\u0119pnej oraz sk\u0142ada\u0107 skargi na brak zapewnienia dost\u0119pno\u015bci. Osobami upowa\u017cnionymi do kontaktu s\u0105 <span id=\"a11y-kontakt\"> pracownicy biura<\/span>.<\/p>\n<div id=\"a11y-procedura\">\n<h2><strong><\/strong><\/h2>\n<p><strong><\/strong><\/p>\n<h2><strong>Obs\u0142uga wniosk\u00f3w i skarg zwi\u0105zanych z dost\u0119pno\u015bci\u0105<\/strong><\/h2>\n<p>Informujemy, \u017ce zgodnie z ustaw\u0105 z dnia 4 kwietnia 2019 r. o dost\u0119pno\u015bci cyfrowej stron internetowych i aplikacji mobilnych podmiot\u00f3w publicznych ka\u017cdy ma prawo wyst\u0105pi\u0107 do podmiotu publicznego z\u00a0\u017c\u0105daniem udost\u0119pnienia cyfrowego wskazanej strony internetowej, aplikacji mobilnej lub ich element\u00f3w. \u017b\u0105danie powinno zawiera\u0107 dane osoby zg\u0142aszaj\u0105cej \u017c\u0105danie, wskazanie, o kt\u00f3r\u0105 stron\u0119 internetow\u0105 lub aplikacj\u0119 mobiln\u0105 chodzi oraz spos\u00f3b kontaktu. Je\u017celi zapewnienie dost\u0119pno\u015bci cyfrowej jest niemo\u017cliwe, podmiot publiczny mo\u017ce zapewni\u0107 dost\u0119p alternatywny, na warunkach okre\u015blonych w ustawie. Podmiot publiczny powinien zrealizowa\u0107 \u017c\u0105danie niezw\u0142ocznie, nie p\u00f3\u017aniej ni\u017c w ci\u0105gu 7 dni od dnia wyst\u0105pienia z \u017c\u0105daniem. Je\u017celi dotrzymanie tego terminu nie jest mo\u017cliwe, podmiot publiczny niezw\u0142ocznie informuje o tym wnosz\u0105cego \u017c\u0105danie, kiedy realizacja \u017c\u0105dania b\u0119dzie mo\u017cliwa, przy czym termin ten nie mo\u017ce by\u0107 d\u0142u\u017cszy ni\u017c 2 miesi\u0105ce od dnia wyst\u0105pienia z \u017c\u0105daniem. W przypadku odmowy realizacji \u017c\u0105dania zapewnienia dost\u0119pno\u015bci lub alternatywnego sposobu dost\u0119pu do informacji, wnosz\u0105cy \u017c\u0105danie mo\u017ce z\u0142o\u017cy\u0107 skarg\u0119, a tak\u017ce powiadomi\u0107 Rzecznika Praw Obywatelskich \u2013<span>\u00a0<\/span><a href=\"https:\/\/www.rpo.gov.pl\/content\/jak-zglosic-sie-do-rzecznika-praw-obywatelskich\">https:\/\/www.rpo.gov.pl\/content\/jak-<\/a><a href=\"https:\/\/www.rpo.gov.pl\/content\/jak-zglosic-sie-do-rzecznika-praw-obywatelskich\">zglosic-sie-do-rzecznika-praw-obywatelskich<\/a><span>.<\/span><\/p>\n<\/div>\n<p>[\/et_pb_text][\/et_pb_column][\/et_pb_row][\/et_pb_section]<\/p>\n","protected":false},"excerpt":{"rendered":"<p>Wst\u0119p deklaracji Akademia Kopernika\u0144ska zobowi\u0105zuje si\u0119 zapewni\u0107 dost\u0119pno\u015b\u0107 swojej strony internetowej zgodnie z przepisami ustawy z dnia 4 kwietnia 2019 r. o dost\u0119pno\u015bci cyfrowej stron internetowych i\u00a0aplikacji mobilnych podmiot\u00f3w publicznych. O\u015bwiadczenie w sprawie dost\u0119pno\u015bci ma zastosowanie do\u00a0strony internetowej https:\/\/bip.akademiakopernikanska.gov.pl\/. &nbsp; Daty publikacji i aktualizacji Data publikacji strony internetowej: 05 lipca 2023 rokuData ostatniej istotnej aktualizacji: [&hellip;]<\/p>\n","protected":false},"author":4,"featured_media":0,"parent":0,"menu_order":0,"comment_status":"closed","ping_status":"closed","template":"","meta":{"_et_pb_use_builder":"on","_et_pb_old_content":"","_et_gb_content_width":"","footnotes":""},"class_list":["post-95","page","type-page","status-publish","hentry"],"_links":{"self":[{"href":"https:\/\/bip.akademiakopernikanska.gov.pl\/index.php?rest_route=\/wp\/v2\/pages\/95","targetHints":{"allow":["GET"]}}],"collection":[{"href":"https:\/\/bip.akademiakopernikanska.gov.pl\/index.php?rest_route=\/wp\/v2\/pages"}],"about":[{"href":"https:\/\/bip.akademiakopernikanska.gov.pl\/index.php?rest_route=\/wp\/v2\/types\/page"}],"author":[{"embeddable":true,"href":"https:\/\/bip.akademiakopernikanska.gov.pl\/index.php?rest_route=\/wp\/v2\/users\/4"}],"replies":[{"embeddable":true,"href":"https:\/\/bip.akademiakopernikanska.gov.pl\/index.php?rest_route=%2Fwp%2Fv2%2Fcomments&post=95"}],"version-history":[{"count":3,"href":"https:\/\/bip.akademiakopernikanska.gov.pl\/index.php?rest_route=\/wp\/v2\/pages\/95\/revisions"}],"predecessor-version":[{"id":645,"href":"https:\/\/bip.akademiakopernikanska.gov.pl\/index.php?rest_route=\/wp\/v2\/pages\/95\/revisions\/645"}],"wp:attachment":[{"href":"https:\/\/bip.akademiakopernikanska.gov.pl\/index.php?rest_route=%2Fwp%2Fv2%2Fmedia&parent=95"}],"curies":[{"name":"wp","href":"https:\/\/api.w.org\/{rel}","templated":true}]}}